{"id":8322,"date":"2023-10-17T05:25:15","date_gmt":"2023-10-17T05:25:15","guid":{"rendered":"https:\/\/tr-ummatics.ausitcentre.pk\/my-account\/"},"modified":"2025-03-24T06:44:29","modified_gmt":"2025-03-24T06:44:29","slug":"my-account","status":"publish","type":"page","link":"https:\/\/tr.ummatics.org\/en\/my-account\/","title":{"rendered":"My Account"},"content":{"rendered":"<div data-elementor-type=\"wp-page\" data-elementor-id=\"8322\" class=\"elementor elementor-8322\" data-elementor-post-type=\"page\">\n\t\t\t\t<div data-particle_enable=\"false\" data-particle-mobile-disabled=\"false\" class=\"elementor-element elementor-element-1c9be435 e-flex e-con-boxed e-con e-parent\" data-id=\"1c9be435\" data-element_type=\"container\">\n\t\t\t\t\t<div class=\"e-con-inner\">\n\t\t\t\t<div class=\"elementor-element elementor-element-f3e8d54 e-my-account-tabs-vertical elementor-widget elementor-widget-woocommerce-my-account\" data-id=\"f3e8d54\" data-element_type=\"widget\" data-widget_type=\"woocommerce-my-account.default\">\n\t\t\t\t<div class=\"elementor-widget-container\">\n\t\t\t\t\t<div class=\"e-my-account-tab e-my-account-tab__\">\t\t\t<div class=\"woocommerce\"><\/div>\t\t<\/div>\n\t\t\t\t\t\t<\/div>\n\t\t\t\t<\/div>\n\t\t\t\t\t<\/div>\n\t\t\t\t<\/div>\n\t\t\t\t<\/div>","protected":false},"excerpt":{"rendered":"<p>G\u00f6sterge Paneli Ba\u011f\u0131\u015flar Adres Hesap Ayr\u0131nt\u0131lar\u0131 \u00c7\u0131k\u0131\u015f Yap Hello ummatics (not ummatics? Log out) From your account dashboard you can view your recent orders, manage your billing address, and edit your password and account details.<\/p>","protected":false},"author":1,"featured_media":0,"parent":0,"menu_order":0,"comment_status":"closed","ping_status":"closed","template":"elementor_header_footer","meta":{"content-type":"","footnotes":""},"class_list":["post-8322","page","type-page","status-publish","hentry"],"_links":{"self":[{"href":"https:\/\/tr.ummatics.org\/en\/wp-json\/wp\/v2\/pages\/8322","targetHints":{"allow":["GET"]}}],"collection":[{"href":"https:\/\/tr.ummatics.org\/en\/wp-json\/wp\/v2\/pages"}],"about":[{"href":"https:\/\/tr.ummatics.org\/en\/wp-json\/wp\/v2\/types\/page"}],"author":[{"embeddable":true,"href":"https:\/\/tr.ummatics.org\/en\/wp-json\/wp\/v2\/users\/1"}],"replies":[{"embeddable":true,"href":"https:\/\/tr.ummatics.org\/en\/wp-json\/wp\/v2\/comments?post=8322"}],"version-history":[{"count":0,"href":"https:\/\/tr.ummatics.org\/en\/wp-json\/wp\/v2\/pages\/8322\/revisions"}],"wp:attachment":[{"href":"https:\/\/tr.ummatics.org\/en\/wp-json\/wp\/v2\/media?parent=8322"}],"curies":[{"name":"wp","href":"https:\/\/api.w.org\/{rel}","templated":true}]}}