{"id":8411,"date":"2023-10-18T05:02:28","date_gmt":"2023-10-18T05:02:28","guid":{"rendered":"https:\/\/tr-ummatics.ausitcentre.pk\/?page_id=8411"},"modified":"2025-12-22T14:28:09","modified_gmt":"2025-12-22T14:28:09","slug":"guest-contributions","status":"publish","type":"page","link":"https:\/\/tr.ummatics.org\/en\/guest-contributions\/","title":{"rendered":"Konuk Katk\u0131lar\u0131"},"content":{"rendered":"<div data-elementor-type=\"wp-page\" data-elementor-id=\"8411\" class=\"elementor elementor-8411\" data-elementor-post-type=\"page\">\n\t\t\t\t\t\t<section data-particle_enable=\"false\" data-particle-mobile-disabled=\"false\" class=\"elementor-section elementor-top-section elementor-element elementor-element-c388e2d elementor-section-height-min-height ken_b_center elementor-section-boxed elementor-section-height-default elementor-section-items-middle\" data-id=\"c388e2d\" data-element_type=\"section\" data-settings=\"{&quot;background_background&quot;:&quot;classic&quot;,&quot;background_motion_fx_motion_fx_mouse&quot;:&quot;yes&quot;}\">\n\t\t\t\t\t\t\t<div class=\"elementor-background-overlay\"><\/div>\n\t\t\t\t\t\t\t<div class=\"elementor-container elementor-column-gap-default\">\n\t\t\t\t\t<div class=\"elementor-column elementor-col-100 elementor-top-column elementor-element elementor-element-fa53b51\" data-id=\"fa53b51\" data-element_type=\"column\">\n\t\t\t<div class=\"elementor-widget-wrap elementor-element-populated\">\n\t\t\t\t\t\t<div class=\"elementor-element elementor-element-8513517 elementor-widget__width-initial elementor-widget elementor-widget-text-editor\" data-id=\"8513517\" data-element_type=\"widget\" data-widget_type=\"text-editor.default\">\n\t\t\t\t<div class=\"elementor-widget-container\">\n\t\t\t\t\t\t\t\t\t<p style=\"text-align: center;\"><span style=\"background-color: #ffdc00;\">Guest Contributions<\/span><\/p>\t\t\t\t\t\t\t\t<\/div>\n\t\t\t\t<\/div>\n\t\t\t\t<div class=\"elementor-element elementor-element-db4eead elementor-widget__width-initial elementor-widget-tablet__width-inherit elementor-widget-mobile__width-inherit elementor-widget elementor-widget-text-editor\" data-id=\"db4eead\" data-element_type=\"widget\" data-widget_type=\"text-editor.default\">\n\t\t\t\t<div class=\"elementor-widget-container\">\n\t\t\t\t\t\t\t\t\t<p style=\"text-align: justify;\"><span style=\"font-weight: 400;\">\u00dcmmet d\u00fc\u015f\u00fcncesi ve prati\u011fi \u00fczerine diyalo\u011fu destekleme ve s\u00f6ylem geli\u015ftirme amac\u0131m\u0131z do\u011frultusunda, \u00dcmmet Ara\u015ft\u0131rmalar\u0131 Enstit\u00fcs\u00fc misafir yazarlar\u0131n katk\u0131lar\u0131na \u00f6zel bir alan sunar. Bu yay\u0131nlardaki g\u00f6r\u00fc\u015fler yazar\u0131n kendi d\u00fc\u015f\u00fcnceleridir ve Enstit\u00fc\u2019n\u00fcn resmi g\u00f6r\u00fc\u015flerini yans\u0131tmak zorunda de\u011fildir.<\/span><\/p>\t\t\t\t\t\t\t\t<\/div>\n\t\t\t\t<\/div>\n\t\t\t\t\t<\/div>\n\t\t<\/div>\n\t\t\t\t\t<\/div>\n\t\t<\/section>\n\t\t\t\t<\/div>","protected":false},"excerpt":{"rendered":"<p>Misafir Katk\u0131lar\u0131 \u00dcmmet d\u00fc\u015f\u00fcncesi ve prati\u011fi \u00fczerine diyalo\u011fu destekleme ve s\u00f6ylem geli\u015ftirme amac\u0131m\u0131z do\u011frultusunda, \u00dcmmet Ara\u015ft\u0131rmalar\u0131 Enstit\u00fcs\u00fc misafir yazarlar\u0131n katk\u0131lar\u0131na \u00f6zel bir alan sunar. Bu yay\u0131nlardaki g\u00f6r\u00fc\u015fler yazar\u0131n kendi d\u00fc\u015f\u00fcnceleridir ve Enstit\u00fc\u2019n\u00fcn resmi g\u00f6r\u00fc\u015flerini yans\u0131tmak zorunda de\u011fildir.<\/p>","protected":false},"author":1,"featured_media":0,"parent":0,"menu_order":0,"comment_status":"closed","ping_status":"closed","template":"","meta":{"content-type":"","footnotes":""},"class_list":["post-8411","page","type-page","status-publish","hentry"],"_links":{"self":[{"href":"https:\/\/tr.ummatics.org\/en\/wp-json\/wp\/v2\/pages\/8411","targetHints":{"allow":["GET"]}}],"collection":[{"href":"https:\/\/tr.ummatics.org\/en\/wp-json\/wp\/v2\/pages"}],"about":[{"href":"https:\/\/tr.ummatics.org\/en\/wp-json\/wp\/v2\/types\/page"}],"author":[{"embeddable":true,"href":"https:\/\/tr.ummatics.org\/en\/wp-json\/wp\/v2\/users\/1"}],"replies":[{"embeddable":true,"href":"https:\/\/tr.ummatics.org\/en\/wp-json\/wp\/v2\/comments?post=8411"}],"version-history":[{"count":0,"href":"https:\/\/tr.ummatics.org\/en\/wp-json\/wp\/v2\/pages\/8411\/revisions"}],"wp:attachment":[{"href":"https:\/\/tr.ummatics.org\/en\/wp-json\/wp\/v2\/media?parent=8411"}],"curies":[{"name":"wp","href":"https:\/\/api.w.org\/{rel}","templated":true}]}}