{"id":9295,"date":"2023-10-26T07:56:16","date_gmt":"2023-10-26T07:56:16","guid":{"rendered":"https:\/\/tr-ummatics.ausitcentre.pk\/?page_id=9295"},"modified":"2026-01-05T06:23:19","modified_gmt":"2026-01-05T06:23:19","slug":"contact-us","status":"publish","type":"page","link":"https:\/\/tr.ummatics.org\/en\/contact-us\/","title":{"rendered":"Contact us"},"content":{"rendered":"<div data-elementor-type=\"wp-page\" data-elementor-id=\"9295\" class=\"elementor elementor-9295\" data-elementor-post-type=\"page\">\n\t\t\t\t\t\t<section data-particle_enable=\"false\" data-particle-mobile-disabled=\"false\" class=\"elementor-section elementor-top-section elementor-element elementor-element-eef4290 elementor-section-boxed elementor-section-height-default elementor-section-height-default\" data-id=\"eef4290\" data-element_type=\"section\" data-settings=\"{&quot;background_background&quot;:&quot;classic&quot;}\">\n\t\t\t\t\t\t\t<div class=\"elementor-background-overlay\"><\/div>\n\t\t\t\t\t\t\t<div class=\"elementor-container elementor-column-gap-default\">\n\t\t\t\t\t<div class=\"elementor-column elementor-col-100 elementor-top-column elementor-element elementor-element-8ed4bfc\" data-id=\"8ed4bfc\" data-element_type=\"column\" data-settings=\"{&quot;background_background&quot;:&quot;classic&quot;}\">\n\t\t\t<div class=\"elementor-widget-wrap elementor-element-populated\">\n\t\t\t\t\t<div class=\"elementor-background-overlay\"><\/div>\n\t\t\t\t\t\t<div class=\"elementor-element elementor-element-ba0e0fb elementor-widget__width-initial elementor-widget elementor-widget-text-editor\" data-id=\"ba0e0fb\" data-element_type=\"widget\" data-widget_type=\"text-editor.default\">\n\t\t\t\t<div class=\"elementor-widget-container\">\n\t\t\t\t\t\t\t\t\t<p><span style=\"background-color: #ffdc00;\">Contact us<\/span><\/p>\t\t\t\t\t\t\t\t<\/div>\n\t\t\t\t<\/div>\n\t\t\t\t\t<\/div>\n\t\t<\/div>\n\t\t\t\t\t<\/div>\n\t\t<\/section>\n\t\t\t\t<section data-particle_enable=\"false\" data-particle-mobile-disabled=\"false\" class=\"elementor-section elementor-top-section elementor-element elementor-element-11d17bb elementor-section-boxed elementor-section-height-default elementor-section-height-default\" data-id=\"11d17bb\" data-element_type=\"section\" data-settings=\"{&quot;background_background&quot;:&quot;classic&quot;}\">\n\t\t\t\t\t\t<div class=\"elementor-container elementor-column-gap-default\">\n\t\t\t\t\t<div class=\"elementor-column elementor-col-100 elementor-top-column elementor-element elementor-element-2e551cd\" data-id=\"2e551cd\" data-element_type=\"column\">\n\t\t\t<div class=\"elementor-widget-wrap elementor-element-populated\">\n\t\t\t\t\t\t<div class=\"elementor-element elementor-element-170f9f5 elementor-widget__width-initial elementor-button-align-stretch elementor-widget elementor-widget-form\" data-id=\"170f9f5\" data-element_type=\"widget\" data-settings=\"{&quot;step_next_label&quot;:&quot;Next&quot;,&quot;step_previous_label&quot;:&quot;Previous&quot;,&quot;step_icon_shape&quot;:&quot;rounded&quot;,&quot;button_width&quot;:&quot;100&quot;,&quot;step_type&quot;:&quot;number_text&quot;}\" data-widget_type=\"form.default\">\n\t\t\t\t<div class=\"elementor-widget-container\">\n\t\t\t\t\t\t\t<form class=\"elementor-form\" method=\"post\" id=\"TurkishContactForm\" name=\"Contact Us Form\" aria-label=\"Contact Us Form\" action=\"\">\n\t\t\t<input type=\"hidden\" name=\"post_id\" value=\"9295\"\/>\n\t\t\t<input type=\"hidden\" name=\"form_id\" value=\"170f9f5\"\/>\n\t\t\t<input type=\"hidden\" name=\"referer_title\" value=\"\" \/>\n\n\t\t\t\n\t\t\t<div class=\"elementor-form-fields-wrapper elementor-labels-above\">\n\t\t\t\t\t\t\t\t<div class=\"elementor-field-type-text elementor-field-group elementor-column elementor-field-group-name elementor-col-50 elementor-field-required\">\n\t\t\t\t\t\t\t\t\t\t\t\t<label for=\"form-field-name\" class=\"elementor-field-label\">\n\t\t\t\t\t\t\t\tAd\u0131n\u0131z\t\t\t\t\t\t\t<\/label>\n\t\t\t\t\t\t\t\t\t\t\t\t\t\t<input size=\"1\" type=\"text\" name=\"form_fields[name]\" id=\"form-field-name\" class=\"elementor-field elementor-size-sm  elementor-field-textual\" placeholder=\"Ad\" required=\"required\">\n\t\t\t\t\t\t\t\t\t\t\t<\/div>\n\t\t\t\t\t\t\t\t<div class=\"elementor-field-type-text elementor-field-group elementor-column elementor-field-group-surname elementor-col-50 elementor-field-required\">\n\t\t\t\t\t\t\t\t\t\t\t\t<label for=\"form-field-surname\" class=\"elementor-field-label\">\n\t\t\t\t\t\t\t\tSoyad\u0131n\u0131z\t\t\t\t\t\t\t<\/label>\n\t\t\t\t\t\t\t\t\t\t\t\t\t\t<input size=\"1\" type=\"text\" name=\"form_fields[surname]\" id=\"form-field-surname\" class=\"elementor-field elementor-size-sm  elementor-field-textual\" placeholder=\"Soyad\" required=\"required\">\n\t\t\t\t\t\t\t\t\t\t\t<\/div>\n\t\t\t\t\t\t\t\t<div class=\"elementor-field-type-tel elementor-field-group elementor-column elementor-field-group-phone elementor-col-50 elementor-field-required\">\n\t\t\t\t\t\t\t\t\t\t\t\t<label for=\"form-field-phone\" class=\"elementor-field-label\">\n\t\t\t\t\t\t\t\t\u0130leti\u015fim Numaran\u0131z\t\t\t\t\t\t\t<\/label>\n\t\t\t\t\t\t\t\t<input size=\"1\" type=\"tel\" name=\"form_fields[phone]\" id=\"form-field-phone\" class=\"elementor-field elementor-size-sm  elementor-field-textual\" placeholder=\"Contact Number\" required=\"required\" pattern=\"[0-9()#&amp;+*-=.]+\" title=\"Only numbers and phone characters (#, -, *, etc) are accepted.\">\n\n\t\t\t\t\t\t<\/div>\n\t\t\t\t\t\t\t\t<div class=\"elementor-field-type-email elementor-field-group elementor-column elementor-field-group-email elementor-col-50 elementor-field-required\">\n\t\t\t\t\t\t\t\t\t\t\t\t<label for=\"form-field-email\" class=\"elementor-field-label\">\n\t\t\t\t\t\t\t\tEmail\t\t\t\t\t\t\t<\/label>\n\t\t\t\t\t\t\t\t\t\t\t\t\t\t<input size=\"1\" type=\"email\" name=\"form_fields[email]\" id=\"form-field-email\" class=\"elementor-field elementor-size-sm  elementor-field-textual\" placeholder=\"Email\" required=\"required\">\n\t\t\t\t\t\t\t\t\t\t\t<\/div>\n\t\t\t\t\t\t\t\t<div class=\"elementor-field-type-text elementor-field-group elementor-column elementor-field-group-field_e8f00d3 elementor-col-100 elementor-field-required\">\n\t\t\t\t\t\t\t\t\t\t\t\t<label for=\"form-field-field_e8f00d3\" class=\"elementor-field-label\">\n\t\t\t\t\t\t\t\tOrganization\/Institution\t\t\t\t\t\t\t<\/label>\n\t\t\t\t\t\t\t\t\t\t\t\t\t\t<input size=\"1\" type=\"text\" name=\"form_fields[field_e8f00d3]\" id=\"form-field-field_e8f00d3\" class=\"elementor-field elementor-size-sm  elementor-field-textual\" required=\"required\">\n\t\t\t\t\t\t\t\t\t\t\t<\/div>\n\t\t\t\t\t\t\t\t<div class=\"elementor-field-type-checkbox elementor-field-group elementor-column elementor-field-group-vocation elementor-col-100\">\n\t\t\t\t\t\t\t\t\t\t\t\t<label for=\"form-field-vocation\" class=\"elementor-field-label\">\n\t\t\t\t\t\t\t\tI am a:\t\t\t\t\t\t\t<\/label>\n\t\t\t\t\t\t<div class=\"elementor-field-subgroup\"><span class=\"elementor-field-option\"><input type=\"checkbox\" value=\"Akademik\" id=\"form-field-vocation-0\" name=\"form_fields[vocation][]\"> <label for=\"form-field-vocation-0\">Academic<\/label><\/span><span class=\"elementor-field-option\"><input type=\"checkbox\" value=\"Aktivist\" id=\"form-field-vocation-1\" name=\"form_fields[vocation][]\"> <label for=\"form-field-vocation-1\">Activist<\/label><\/span><span class=\"elementor-field-option\"><input type=\"checkbox\" value=\"Alim\" id=\"form-field-vocation-2\" name=\"form_fields[vocation][]\"> <label for=\"form-field-vocation-2\">Purchase<\/label><\/span><span class=\"elementor-field-option\"><input type=\"checkbox\" value=\"Gazeteci\" id=\"form-field-vocation-3\" name=\"form_fields[vocation][]\"> <label for=\"form-field-vocation-3\">Journalist<\/label><\/span><span class=\"elementor-field-option\"><input type=\"checkbox\" value=\"Politikac\u0131\" id=\"form-field-vocation-4\" name=\"form_fields[vocation][]\"> <label for=\"form-field-vocation-4\">Politician<\/label><\/span><span class=\"elementor-field-option\"><input type=\"checkbox\" value=\"Politikac\u0131\" id=\"form-field-vocation-5\" name=\"form_fields[vocation][]\"> <label for=\"form-field-vocation-5\">Politician<\/label><\/span><span class=\"elementor-field-option\"><input type=\"checkbox\" value=\"\u00d6\u011fretmen\" id=\"form-field-vocation-6\" name=\"form_fields[vocation][]\"> <label for=\"form-field-vocation-6\">Teacher<\/label><\/span><span class=\"elementor-field-option\"><input type=\"checkbox\" value=\"\u00d6\u011frenci\" id=\"form-field-vocation-7\" name=\"form_fields[vocation][]\"> <label for=\"form-field-vocation-7\">Student<\/label><\/span><span class=\"elementor-field-option\"><input type=\"checkbox\" value=\"Di\u011fer\" id=\"form-field-vocation-8\" name=\"form_fields[vocation][]\"> <label for=\"form-field-vocation-8\">Other<\/label><\/span><span class=\"elementor-field-option\"><input type=\"checkbox\" value=\"Giri\u015fimci\" id=\"form-field-vocation-9\" name=\"form_fields[vocation][]\"> <label for=\"form-field-vocation-9\">Entrepreneur<\/label><\/span><\/div>\t\t\t\t<\/div>\n\t\t\t\t\t\t\t\t<div class=\"elementor-field-type-textarea elementor-field-group elementor-column elementor-field-group-message elementor-col-100 elementor-field-required\">\n\t\t\t\t\t\t\t\t\t\t\t\t<label for=\"form-field-message\" class=\"elementor-field-label\">\n\t\t\t\t\t\t\t\tMessage\t\t\t\t\t\t\t<\/label>\n\t\t\t\t\t\t<textarea class=\"elementor-field-textual elementor-field  elementor-size-sm\" name=\"form_fields[message]\" id=\"form-field-message\" rows=\"4\" placeholder=\"Message\" required=\"required\"><\/textarea>\t\t\t\t<\/div>\n\t\t\t\t\t\t\t\t<div class=\"elementor-field-type-upload elementor-field-group elementor-column elementor-field-group-file elementor-col-100\">\n\t\t\t\t\t\t\t\t\t\t\t\t<label for=\"form-field-file\" class=\"elementor-field-label\">\n\t\t\t\t\t\t\t\tAttach file\t\t\t\t\t\t\t<\/label>\n\t\t\t\t\t\t\t\t<input type=\"file\" name=\"form_fields[file]\" id=\"form-field-file\" class=\"elementor-field elementor-size-sm  elementor-upload-field\" data-maxsize=\"10\" data-maxsize-message=\"This file exceeds the maximum allowed size.\">\n\n\t\t\t\t\t\t<\/div>\n\t\t\t\t\t\t\t\t<div class=\"elementor-field-type-text\">\n\t\t\t\t\t<input size=\"1\" type=\"text\" name=\"form_fields[field_5b1f4e4]\" id=\"form-field-field_5b1f4e4\" class=\"elementor-field elementor-size-sm\" style=\"display:none !important;\">\t\t\t\t<\/div>\n\t\t\t\t\t\t\t\t<div class=\"elementor-field-type-recaptcha elementor-field-group elementor-column elementor-field-group-field_8fe8fb2 elementor-col-100\">\n\t\t\t\t\t<div class=\"elementor-field\" id=\"form-field-field_8fe8fb2\"><div class=\"elementor-g-recaptcha\" data-sitekey=\"6LfPOvoqAAAAAPgehshEvzTtViGkR2EiEUJrRLVt\" data-type=\"v2_checkbox\" data-theme=\"light\" data-size=\"normal\"><\/div><\/div>\t\t\t\t<\/div>\n\t\t\t\t\t\t\t\t<div class=\"elementor-field-type-text\">\n\t\t\t\t\t<input size=\"1\" type=\"text\" name=\"form_fields[field_b0fdf42]\" id=\"form-field-field_b0fdf42\" class=\"elementor-field elementor-size-sm\" style=\"display:none !important;\">\t\t\t\t<\/div>\n\t\t\t\t\t\t\t\t<div class=\"elementor-field-type-text elementor-field-group elementor-column elementor-field-group-region elementor-col-100\">\n\t\t\t\t\t\t\t\t\t\t\t\t<label for=\"form-field-region\" class=\"elementor-field-label\">\n\t\t\t\t\t\t\t\tregion\t\t\t\t\t\t\t<\/label>\n\t\t\t\t\t\t\t\t\t\t\t\t\t\t<input size=\"1\" type=\"text\" name=\"form_fields[region]\" id=\"form-field-region\" class=\"elementor-field elementor-size-sm  elementor-field-textual\" placeholder=\"region\" value=\"Turkish\">\n\t\t\t\t\t\t\t\t\t\t\t<\/div>\n\t\t\t\t\t\t\t\t<div class=\"elementor-field-group elementor-column elementor-field-type-submit elementor-col-100 e-form__buttons\">\n\t\t\t\t\t<button class=\"elementor-button elementor-size-sm\" type=\"submit\">\n\t\t\t\t\t\t<span class=\"elementor-button-content-wrapper\">\n\t\t\t\t\t\t\t\t\t\t\t\t\t\t\t\t\t\t\t\t\t\t<span class=\"elementor-button-text\">To send<\/span>\n\t\t\t\t\t\t\t\t\t\t\t\t\t<\/span>\n\t\t\t\t\t<\/button>\n\t\t\t\t<\/div>\n\t\t\t<\/div>\n\t\t<input type=\"hidden\" name=\"trp-form-language\" value=\"en\"\/><\/form>\n\t\t\t\t\t\t<\/div>\n\t\t\t\t<\/div>\n\t\t\t\t<div class=\"elementor-element elementor-element-c5129f3 elementor-hidden-desktop elementor-hidden-tablet elementor-hidden-mobile elementor-widget elementor-widget-shortcode\" data-id=\"c5129f3\" data-element_type=\"widget\" data-widget_type=\"shortcode.default\">\n\t\t\t\t<div class=\"elementor-widget-container\">\n\t\t\t\t\t\t\t<div class=\"elementor-shortcode\">\n\t\t\t\t\t\t<script>\n\t\t\t\t\t\t\twindow.hsFormsOnReady = window.hsFormsOnReady || [];\n\t\t\t\t\t\t\twindow.hsFormsOnReady.push(()=>{\n\t\t\t\t\t\t\t\thbspt.forms.create({\n\t\t\t\t\t\t\t\t\tportalId: 21242947,\n\t\t\t\t\t\t\t\t\tformId: \"3d4f2dc1-f822-47c8-ab54-a0c053222a3f\",\n\t\t\t\t\t\t\t\t\ttarget: \"#hbspt-form-1775816032000-9251939070\",\n\t\t\t\t\t\t\t\t\tregion: \"na1\",\n\t\t\t\t\t\t\t\t\t\n\t\t\t\t\t\t\t})});\n\t\t\t\t\t\t<\/script>\n\t\t\t\t\t\t<div class=\"hbspt-form\" id=\"hbspt-form-1775816032000-9251939070\"><\/div><\/div>\n\t\t\t\t\t\t<\/div>\n\t\t\t\t<\/div>\n\t\t\t\t\t<\/div>\n\t\t<\/div>\n\t\t\t\t\t<\/div>\n\t\t<\/section>\n\t\t\t\t<\/div>","protected":false},"excerpt":{"rendered":"<p>Contact us<\/p>","protected":false},"author":7,"featured_media":0,"parent":0,"menu_order":0,"comment_status":"closed","ping_status":"closed","template":"","meta":{"content-type":"","footnotes":""},"class_list":["post-9295","page","type-page","status-publish","hentry"],"_links":{"self":[{"href":"https:\/\/tr.ummatics.org\/en\/wp-json\/wp\/v2\/pages\/9295","targetHints":{"allow":["GET"]}}],"collection":[{"href":"https:\/\/tr.ummatics.org\/en\/wp-json\/wp\/v2\/pages"}],"about":[{"href":"https:\/\/tr.ummatics.org\/en\/wp-json\/wp\/v2\/types\/page"}],"author":[{"embeddable":true,"href":"https:\/\/tr.ummatics.org\/en\/wp-json\/wp\/v2\/users\/7"}],"replies":[{"embeddable":true,"href":"https:\/\/tr.ummatics.org\/en\/wp-json\/wp\/v2\/comments?post=9295"}],"version-history":[{"count":0,"href":"https:\/\/tr.ummatics.org\/en\/wp-json\/wp\/v2\/pages\/9295\/revisions"}],"wp:attachment":[{"href":"https:\/\/tr.ummatics.org\/en\/wp-json\/wp\/v2\/media?parent=9295"}],"curies":[{"name":"wp","href":"https:\/\/api.w.org\/{rel}","templated":true}]}}